{"id":1163,"date":"2021-03-02T15:51:59","date_gmt":"2021-03-02T14:51:59","guid":{"rendered":"https:\/\/alconza.com\/?page_id=1163"},"modified":"2021-06-29T10:13:57","modified_gmt":"2021-06-29T08:13:57","slug":"proyectos","status":"publish","type":"page","link":"https:\/\/alconza.com\/es\/marino\/proyectos\/","title":{"rendered":"Proyectos"},"content":{"rendered":"<section class=\"wpb-content-wrapper\"><p>[vc_row full_width=\u00bbstretch_row\u00bb bg_type=\u00bbimage\u00bb parallax_style=\u00bbvcpb-default\u00bb bg_image_new=\u00bbid^2329|url^https:\/\/alconza.com\/wp-content\/uploads\/2021\/06\/proyectos-cabeceras_fnd.jpg|caption^null|alt^null|title^proyectos-cabeceras_fnd|description^null\u00bb bg_image_repeat=\u00bbno-repeat\u00bb bg_image_posiiton=\u00bbbottom center\u00bb css=\u00bb.vc_custom_1624865906163{margin-top: -70px !important;padding-top: 450px !important;padding-bottom: 45px !important;background-position: center !important;background-repeat: no-repeat !important;background-size: cover !important;}\u00bb][vc_column][vc_column_text]<\/p>\n<h2 class=\"centrado blanco titulo-interna\">Proyectos<\/h2>\n<p>[\/vc_column_text][vc_column_text]<\/p>\n<h2 class=\"centrado blanco titulo-descripcion\">Algunas de nuestras referencias<\/h2>\n<p>[\/vc_column_text][\/vc_column][\/vc_row][vc_row css=\u00bb.vc_custom_1614696465929{padding-top: 80px !important;padding-bottom: 80px !important;}\u00bb][vc_column][vc_basic_grid post_type=\u00bbdt_portfolio\u00bb max_items=\u00bb-1&#8243; gap=\u00bb35&#8243; item=\u00bb194&#8243; grid_id=\u00bbvc_gid:1624954375243-fba0c20f-aa6b-2&#8243;][\/vc_column][\/vc_row][vc_row full_width=\u00bbstretch_row\u00bb gap=\u00bb30&#8243; equal_height=\u00bbyes\u00bb css=\u00bb.vc_custom_1606823151907{margin-bottom: -50px !important;padding-top: 60px !important;padding-bottom: 25px !important;background: #f4f4f4 url(https:\/\/alconza.com\/wp-content\/uploads\/2020\/11\/form_bg.png?id=134) !important;background-position: center !important;background-repeat: no-repeat !important;background-size: cover !important;}\u00bb][vc_column width=\u00bb1\/2&#8243;][vc_column_text]<\/p>\n<h3 class=\"blanco titulo-formulario\">Solic\u00edtanos informaci\u00f3n<\/h3>\n<p>[\/vc_column_text][vc_separator color=\u00bbwhite\u00bb align=\u00bbalign_left\u00bb border_width=\u00bb3&#8243; el_width=\u00bb30&#8243; css=\u00bb.vc_custom_1605088819119{margin-top: 25px !important;}\u00bb][vc_column_text css=\u00bb.vc_custom_1624954440984{margin-top: 30px !important;}\u00bb]<\/p>\n<p class=\"blanco destacado-formulario\">Si necesitas mas informaci\u00f3n, puedes hacerlo a trav\u00e9s de nuestro formulario\u00a0y nos pondremos en contacto.<\/p>\n<p class=\"blanco destacado-formulario\">\u00a1Muchas gracias!<\/p>\n<p>[\/vc_column_text][vc_column_text css=\u00bb.vc_custom_1605088559692{margin-top: 30px !important;}\u00bb]<\/p>\n<p class=\"blanco rgpd-formulario\">(*) Campos obligatorios<br \/>\nCon el env\u00edo de esta solicitud est\u00e1 aceptando el uso de sus datos personales y autorizando el tratamiento de los mismos a ALCONZA como responsable. Este tratamiento tiene como finalidad la gesti\u00f3n la solicitud remitida por la persona a trav\u00e9s del canal de contacto con la empresa y la generaci\u00f3n de potenciales clientes, as\u00ed como el env\u00edo de informaci\u00f3n divulgativa de la actividad de la empresa, ALCONZA no comunicar\u00e1 los datos personales a terceros, salvo autorizaci\u00f3n o cumplimiento de obligaciones legales. Podr\u00e1 realizar el ejercicio de los derechos de acceso, rectificaci\u00f3n o supresi\u00f3n de sus datos personales en los t\u00e9rminos previstos en la legislaci\u00f3n aplicable.<\/p>\n<p>[\/vc_column_text][\/vc_column][vc_column width=\u00bb1\/2&#8243; css=\u00bb.vc_custom_1605088874254{padding-right: 20px !important;padding-left: 20px !important;}\u00bb]\n<div class=\"wpcf7 no-js\" id=\"wpcf7-f7-o1\" lang=\"es-ES\" dir=\"ltr\" data-wpcf7-id=\"7\">\n<div class=\"screen-reader-response\"><p role=\"status\" aria-live=\"polite\" aria-atomic=\"true\"><\/p> <ul><\/ul><\/div>\n<form action=\"\/es\/wp-json\/wp\/v2\/pages\/1163#wpcf7-f7-o1\" method=\"post\" class=\"wpcf7-form init\" aria-label=\"Formulario de contacto\" novalidate=\"novalidate\" data-status=\"init\">\n<fieldset class=\"hidden-fields-container\"><input type=\"hidden\" name=\"_wpcf7\" value=\"7\" \/><input type=\"hidden\" name=\"_wpcf7_version\" value=\"6.1.5\" \/><input type=\"hidden\" name=\"_wpcf7_locale\" value=\"es_ES\" \/><input type=\"hidden\" name=\"_wpcf7_unit_tag\" value=\"wpcf7-f7-o1\" \/><input type=\"hidden\" name=\"_wpcf7_container_post\" value=\"0\" \/><input type=\"hidden\" name=\"_wpcf7_posted_data_hash\" value=\"\" \/><input type=\"hidden\" name=\"_wpcf7_recaptcha_response\" value=\"\" \/>\n<\/fieldset>\n<p><span class=\"wpcf7-form-control-wrap\" data-name=\"nombre\"><input size=\"40\" maxlength=\"400\" class=\"wpcf7-form-control wpcf7-text wpcf7-validates-as-required input-formulario\" aria-required=\"true\" aria-invalid=\"false\" placeholder=\"Nombre *\" value=\"\" type=\"text\" name=\"nombre\" \/><\/span><br \/>\n<span class=\"wpcf7-form-control-wrap\" data-name=\"empresa\"><input size=\"40\" maxlength=\"400\" class=\"wpcf7-form-control wpcf7-text wpcf7-validates-as-required input-formulario\" aria-required=\"true\" aria-invalid=\"false\" placeholder=\"Empresa *\" value=\"\" type=\"text\" name=\"empresa\" \/><\/span><br \/>\n<span class=\"wpcf7-form-control-wrap\" data-name=\"email\"><input size=\"40\" maxlength=\"400\" class=\"wpcf7-form-control wpcf7-email wpcf7-validates-as-required wpcf7-text wpcf7-validates-as-email input-formulario\" aria-required=\"true\" aria-invalid=\"false\" placeholder=\"Email *\" value=\"\" type=\"email\" name=\"email\" \/><\/span><br \/>\n<span class=\"wpcf7-form-control-wrap\" data-name=\"telefono\"><input size=\"40\" maxlength=\"400\" class=\"wpcf7-form-control wpcf7-tel wpcf7-validates-as-required wpcf7-text wpcf7-validates-as-tel input-formulario\" aria-required=\"true\" aria-invalid=\"false\" placeholder=\"Tel\u00e9fono *\" value=\"\" type=\"tel\" name=\"telefono\" \/><\/span><br \/>\n<span class=\"wpcf7-form-control-wrap\" data-name=\"area\"><select class=\"wpcf7-form-control wpcf7-select wpcf7-validates-as-required input-formulario\" aria-required=\"true\" aria-invalid=\"false\" name=\"area\"><option value=\"Seleccione \u00e1rea\">Seleccione \u00e1rea<\/option><option value=\"Consulta Comercial\">Consulta Comercial<\/option><option value=\"Repuestos\">Repuestos<\/option><option value=\"Customer service\">Customer service<\/option><option value=\"General\">General<\/option><\/select><\/span><br \/>\n<span class=\"wpcf7-form-control-wrap\" data-name=\"mensaje\"><textarea cols=\"40\" rows=\"4\" maxlength=\"2000\" class=\"wpcf7-form-control wpcf7-textarea input-formulario\" aria-invalid=\"false\" placeholder=\"Mensaje *\" name=\"mensaje\"><\/textarea><\/span>\n<\/p>\n<p><span class=\"wpcf7-form-control-wrap\" data-name=\"aceptacion-rgpd\"><span class=\"wpcf7-form-control wpcf7-acceptance\"><span class=\"wpcf7-list-item\"><input type=\"checkbox\" name=\"aceptacion-rgpd\" value=\"1\" aria-invalid=\"false\" \/><\/span><\/span><\/span><a href=\"\/es\/politica-de-privacidad-politica-de-cookies-y-aviso-legal\/\" target=\"_blank\" class=\"blanco\">He le\u00eddo y acepto la pol\u00edtica de privacidad *<\/a>\n<\/p>\n<p><input class=\"wpcf7-form-control wpcf7-submit has-spinner boton-formulario\" type=\"submit\" value=\"Enviar\" \/>\n<\/p><div class=\"wpcf7-response-output\" aria-hidden=\"true\"><\/div>\n<\/form>\n<\/div>\n[\/vc_column][\/vc_row]<\/p>\n<\/section>","protected":false},"excerpt":{"rendered":"<p>[vc_row full_width=\u00bbstretch_row\u00bb bg_type=\u00bbimage\u00bb parallax_style=\u00bbvcpb-default\u00bb bg_image_new=\u00bbid^2329|url^https:\/\/alconza.com\/wp-content\/uploads\/2021\/06\/proyectos-cabeceras_fnd.jpg|caption^null|alt^null|title^proyectos-cabeceras_fnd|description^null\u00bb bg_image_repeat=\u00bbno-repeat\u00bb bg_image_posiiton=\u00bbbottom center\u00bb css=\u00bb.vc_custom_1624865906163{margin-top: -70px !important;padding-top: 450px !important;padding-bottom: 45px !important;background-position: center !important;background-repeat: no-repeat !important;background-size: cover !important;}\u00bb][vc_column][vc_column_text] Proyectos [\/vc_column_text][vc_column_text] Algunas de nuestras referencias [\/vc_column_text][\/vc_column][\/vc_row][vc_row css=\u00bb.vc_custom_1614696465929{padding-top: 80px !important;padding-bottom: 80px !important;}\u00bb][vc_column][vc_basic_grid post_type=\u00bbdt_portfolio\u00bb max_items=\u00bb-1&#8243; gap=\u00bb35&#8243; item=\u00bb194&#8243; grid_id=\u00bbvc_gid:1624954375243-fba0c20f-aa6b-2&#8243;][\/vc_column][\/vc_row][vc_row full_width=\u00bbstretch_row\u00bb gap=\u00bb30&#8243; equal_height=\u00bbyes\u00bb css=\u00bb.vc_custom_1606823151907{margin-bottom: -50px !important;padding-top: 60px !important;padding-bottom: 25px !important;background: #f4f4f4 url(https:\/\/alconza.com\/wp-content\/uploads\/2020\/11\/form_bg.png?id=134) !important;background-position: center !important;background-repeat: no-repeat !important;background-size:&hellip;<\/p>\n","protected":false},"author":4,"featured_media":0,"parent":1046,"menu_order":0,"comment_status":"closed","ping_status":"closed","template":"","meta":{"_acf_changed":false,"footnotes":""},"class_list":["post-1163","page","type-page","status-publish","hentry","description-off"],"acf":[],"_links":{"self":[{"href":"https:\/\/alconza.com\/es\/wp-json\/wp\/v2\/pages\/1163","targetHints":{"allow":["GET"]}}],"collection":[{"href":"https:\/\/alconza.com\/es\/wp-json\/wp\/v2\/pages"}],"about":[{"href":"https:\/\/alconza.com\/es\/wp-json\/wp\/v2\/types\/page"}],"author":[{"embeddable":true,"href":"https:\/\/alconza.com\/es\/wp-json\/wp\/v2\/users\/4"}],"replies":[{"embeddable":true,"href":"https:\/\/alconza.com\/es\/wp-json\/wp\/v2\/comments?post=1163"}],"version-history":[{"count":5,"href":"https:\/\/alconza.com\/es\/wp-json\/wp\/v2\/pages\/1163\/revisions"}],"predecessor-version":[{"id":2360,"href":"https:\/\/alconza.com\/es\/wp-json\/wp\/v2\/pages\/1163\/revisions\/2360"}],"up":[{"embeddable":true,"href":"https:\/\/alconza.com\/es\/wp-json\/wp\/v2\/pages\/1046"}],"wp:attachment":[{"href":"https:\/\/alconza.com\/es\/wp-json\/wp\/v2\/media?parent=1163"}],"curies":[{"name":"wp","href":"https:\/\/api.w.org\/{rel}","templated":true}]}}