{"id":1512,"date":"2021-04-14T12:33:58","date_gmt":"2021-04-14T10:33:58","guid":{"rendered":"https:\/\/alconza.com\/?page_id=1512"},"modified":"2021-11-30T09:39:58","modified_gmt":"2021-11-30T08:39:58","slug":"contacto","status":"publish","type":"page","link":"https:\/\/alconza.com\/es\/contacto\/","title":{"rendered":"Contacto"},"content":{"rendered":"<section class=\"wpb-content-wrapper\"><p>[vc_row full_width=\u00bbstretch_row\u00bb bg_type=\u00bbimage\u00bb parallax_style=\u00bbvcpb-default\u00bb bg_image_new=\u00bbid^1173|url^https:\/\/alconza.com\/wp-content\/uploads\/2021\/03\/alconza-soluciones_bg.jpg|caption^null|alt^null|title^alconza-soluciones_bg|description^null\u00bb bg_image_repeat=\u00bbno-repeat\u00bb bg_image_posiiton=\u00bbcenter center\u00bb css=\u00bb.vc_custom_1618400564986{margin-top: -70px !important;padding-top: 340px !important;padding-bottom: 45px !important;background-position: center !important;background-repeat: no-repeat !important;background-size: cover !important;}\u00bb][vc_column][vc_column_text css=\u00bb.vc_custom_1618396473462{padding-top: 10px !important;}\u00bb]<\/p>\n<h2 class=\"centrado blanco titulo-interna\">Contacto<\/h2>\n<p>[\/vc_column_text][\/vc_column][\/vc_row][vc_row gap=\u00bb30&#8243; css=\u00bb.vc_custom_1618399642423{padding-top: 90px !important;}\u00bb][vc_column width=\u00bb1\/3&#8243;][vc_icon type=\u00bbtypicons\u00bb icon_typicons=\u00bbtypcn typcn-phone-outline\u00bb color=\u00bbcustom\u00bb size=\u00bblg\u00bb align=\u00bbcenter\u00bb custom_color=\u00bb#53585a\u00bb][vc_column_text]<\/p>\n<h3 class=\"titulo-formulario centrado\">Ll\u00e1manos<\/h3>\n<p>[\/vc_column_text][vc_column_text css=\u00bb.vc_custom_1618399801780{margin-top: 30px !important;}\u00bb]<\/p>\n<p class=\"destacado-formulario centrado\"><a class=\"no-decoracion contacto-enlace\" href=\"tel:+34946680000\">+34 946 680 000<\/a><\/p>\n<p>[\/vc_column_text][\/vc_column][vc_column width=\u00bb1\/3&#8243;][vc_icon type=\u00bbtypicons\u00bb icon_typicons=\u00bbtypcn typcn-location-outline\u00bb color=\u00bbcustom\u00bb size=\u00bblg\u00bb align=\u00bbcenter\u00bb custom_color=\u00bb#53585a\u00bb][vc_column_text]<\/p>\n<h3 class=\"titulo-formulario centrado\">Encu\u00e9ntranos<\/h3>\n<p>[\/vc_column_text][vc_column_text css=\u00bb.vc_custom_1618399904637{margin-top: 30px !important;}\u00bb]<\/p>\n<p class=\"destacado-formulario centrado\"><a class=\"no-decoracion contacto-enlace\" href=\"https:\/\/g.page\/Alconza?share\" target=\"_blank\" rel=\"noopener noreferrer\">Arana bidea, 13 &#8211; 48640<br \/>\nBerango &#8211; Bizkaia<\/a><\/p>\n<p>[\/vc_column_text][\/vc_column][vc_column width=\u00bb1\/3&#8243;][vc_icon type=\u00bbtypicons\u00bb icon_typicons=\u00bbtypcn typcn-mail\u00bb color=\u00bbcustom\u00bb size=\u00bblg\u00bb align=\u00bbcenter\u00bb custom_color=\u00bb#53585a\u00bb][vc_column_text]<\/p>\n<h3 class=\"titulo-formulario centrado\">Escr\u00edbenos<\/h3>\n<p>[\/vc_column_text][vc_column_text css=\u00bb.vc_custom_1638261594224{margin-top: 30px !important;}\u00bb]<\/p>\n<p class=\"destacado-formulario centrado\"><a class=\"no-decoracion contacto-enlace\" href=\"mailto:commercial@alconza.com\">commercial@alconza.com<\/a><\/p>\n<p class=\"destacado-formulario centrado\"><a class=\"no-decoracion contacto-enlace\" href=\"mailto:spares@alconza.com\">spares@alconza.com<\/a><\/p>\n<p class=\"destacado-formulario centrado\"><a class=\"no-decoracion contacto-enlace\" href=\"mailto:customerservice@alconza.com\">customerservice@alconza.com<\/a><\/p>\n<p>[\/vc_column_text][\/vc_column][\/vc_row][vc_row full_width=\u00bbstretch_row\u00bb gap=\u00bb30&#8243; equal_height=\u00bbyes\u00bb css=\u00bb.vc_custom_1618399636530{margin-top: 100px !important;padding-top: 60px !important;padding-bottom: 25px !important;background: #f4f4f4 url(https:\/\/alconza.com\/wp-content\/uploads\/2020\/11\/form_bg.png?id=134) !important;background-position: center !important;background-repeat: no-repeat !important;background-size: cover !important;}\u00bb][vc_column width=\u00bb1\/2&#8243;][vc_column_text]<\/p>\n<h3 class=\"blanco titulo-formulario\">Solic\u00edtanos informaci\u00f3n<\/h3>\n<p>[\/vc_column_text][vc_separator color=\u00bbwhite\u00bb align=\u00bbalign_left\u00bb border_width=\u00bb3&#8243; el_width=\u00bb30&#8243; css=\u00bb.vc_custom_1605088819119{margin-top: 25px !important;}\u00bb][vc_column_text css=\u00bb.vc_custom_1624954589985{margin-top: 30px !important;}\u00bb]<\/p>\n<p class=\"blanco destacado-formulario\">Si necesitas mas informaci\u00f3n, puedes hacerlo a trav\u00e9s de nuestro formulario\u00a0y nos pondremos en contacto.<\/p>\n<p class=\"blanco destacado-formulario\">\u00a1Muchas gracias!<\/p>\n<p>[\/vc_column_text][vc_column_text css=\u00bb.vc_custom_1605088559692{margin-top: 30px !important;}\u00bb]<\/p>\n<p class=\"blanco rgpd-formulario\">(*) Campos obligatorios<br \/>\nCon el env\u00edo de esta solicitud est\u00e1 aceptando el uso de sus datos personales y autorizando el tratamiento de los mismos a ALCONZA como responsable. Este tratamiento tiene como finalidad la gesti\u00f3n la solicitud remitida por la persona a trav\u00e9s del canal de contacto con la empresa y la generaci\u00f3n de potenciales clientes, as\u00ed como el env\u00edo de informaci\u00f3n divulgativa de la actividad de la empresa, ALCONZA no comunicar\u00e1 los datos personales a terceros, salvo autorizaci\u00f3n o cumplimiento de obligaciones legales. Podr\u00e1 realizar el ejercicio de los derechos de acceso, rectificaci\u00f3n o supresi\u00f3n de sus datos personales en los t\u00e9rminos previstos en la legislaci\u00f3n aplicable.<\/p>\n<p>[\/vc_column_text][\/vc_column][vc_column width=\u00bb1\/2&#8243; css=\u00bb.vc_custom_1605088874254{padding-right: 20px !important;padding-left: 20px !important;}\u00bb]\n<div class=\"wpcf7 no-js\" id=\"wpcf7-f7-o1\" lang=\"es-ES\" dir=\"ltr\" data-wpcf7-id=\"7\">\n<div class=\"screen-reader-response\"><p role=\"status\" aria-live=\"polite\" aria-atomic=\"true\"><\/p> <ul><\/ul><\/div>\n<form action=\"\/es\/wp-json\/wp\/v2\/pages\/1512#wpcf7-f7-o1\" method=\"post\" class=\"wpcf7-form init\" aria-label=\"Formulario de contacto\" novalidate=\"novalidate\" data-status=\"init\">\n<fieldset class=\"hidden-fields-container\"><input type=\"hidden\" name=\"_wpcf7\" value=\"7\" \/><input type=\"hidden\" name=\"_wpcf7_version\" value=\"6.1.5\" \/><input type=\"hidden\" name=\"_wpcf7_locale\" value=\"es_ES\" \/><input type=\"hidden\" name=\"_wpcf7_unit_tag\" value=\"wpcf7-f7-o1\" \/><input type=\"hidden\" name=\"_wpcf7_container_post\" value=\"0\" \/><input type=\"hidden\" name=\"_wpcf7_posted_data_hash\" value=\"\" \/><input type=\"hidden\" name=\"_wpcf7_recaptcha_response\" value=\"\" \/>\n<\/fieldset>\n<p><span class=\"wpcf7-form-control-wrap\" data-name=\"nombre\"><input size=\"40\" maxlength=\"400\" class=\"wpcf7-form-control wpcf7-text wpcf7-validates-as-required input-formulario\" aria-required=\"true\" aria-invalid=\"false\" placeholder=\"Nombre *\" value=\"\" type=\"text\" name=\"nombre\" \/><\/span><br \/>\n<span class=\"wpcf7-form-control-wrap\" data-name=\"empresa\"><input size=\"40\" maxlength=\"400\" class=\"wpcf7-form-control wpcf7-text wpcf7-validates-as-required input-formulario\" aria-required=\"true\" aria-invalid=\"false\" placeholder=\"Empresa *\" value=\"\" type=\"text\" name=\"empresa\" \/><\/span><br \/>\n<span class=\"wpcf7-form-control-wrap\" data-name=\"email\"><input size=\"40\" maxlength=\"400\" class=\"wpcf7-form-control wpcf7-email wpcf7-validates-as-required wpcf7-text wpcf7-validates-as-email input-formulario\" aria-required=\"true\" aria-invalid=\"false\" placeholder=\"Email *\" value=\"\" type=\"email\" name=\"email\" \/><\/span><br \/>\n<span class=\"wpcf7-form-control-wrap\" data-name=\"telefono\"><input size=\"40\" maxlength=\"400\" class=\"wpcf7-form-control wpcf7-tel wpcf7-validates-as-required wpcf7-text wpcf7-validates-as-tel input-formulario\" aria-required=\"true\" aria-invalid=\"false\" placeholder=\"Tel\u00e9fono *\" value=\"\" type=\"tel\" name=\"telefono\" \/><\/span><br \/>\n<span class=\"wpcf7-form-control-wrap\" data-name=\"area\"><select class=\"wpcf7-form-control wpcf7-select wpcf7-validates-as-required input-formulario\" aria-required=\"true\" aria-invalid=\"false\" name=\"area\"><option value=\"Seleccione \u00e1rea\">Seleccione \u00e1rea<\/option><option value=\"Consulta Comercial\">Consulta Comercial<\/option><option value=\"Repuestos\">Repuestos<\/option><option value=\"Customer service\">Customer service<\/option><option value=\"General\">General<\/option><\/select><\/span><br \/>\n<span class=\"wpcf7-form-control-wrap\" data-name=\"mensaje\"><textarea cols=\"40\" rows=\"4\" maxlength=\"2000\" class=\"wpcf7-form-control wpcf7-textarea input-formulario\" aria-invalid=\"false\" placeholder=\"Mensaje *\" name=\"mensaje\"><\/textarea><\/span>\n<\/p>\n<p><span class=\"wpcf7-form-control-wrap\" data-name=\"aceptacion-rgpd\"><span class=\"wpcf7-form-control wpcf7-acceptance\"><span class=\"wpcf7-list-item\"><input type=\"checkbox\" name=\"aceptacion-rgpd\" value=\"1\" aria-invalid=\"false\" \/><\/span><\/span><\/span><a href=\"\/es\/politica-de-privacidad-politica-de-cookies-y-aviso-legal\/\" target=\"_blank\" class=\"blanco\">He le\u00eddo y acepto la pol\u00edtica de privacidad *<\/a>\n<\/p>\n<p><input class=\"wpcf7-form-control wpcf7-submit has-spinner boton-formulario\" type=\"submit\" value=\"Enviar\" \/>\n<\/p><div class=\"wpcf7-response-output\" aria-hidden=\"true\"><\/div>\n<\/form>\n<\/div>\n[\/vc_column][\/vc_row][vc_row full_width=\u00bbstretch_row_content_no_spaces\u00bb css=\u00bb.vc_custom_1618397983041{margin-bottom: -50px !important;}\u00bb][vc_column][vc_column_text]<iframe loading=\"lazy\" style=\"border: 0;\" src=\"https:\/\/www.google.com\/maps\/embed?pb=!1m14!1m8!1m3!1d11601.71216796368!2d-2.9937958!3d43.3680732!3m2!1i1024!2i768!4f13.1!3m3!1m2!1s0x0%3A0xe82a0726efcd34b4!2sAlconza%20Berango%2C%20S.L.!5e0!3m2!1ses!2ses!4v1618399114871!5m2!1ses!2ses\" width=\"100%\" height=\"600\" allowfullscreen=\"allowfullscreen\"><\/iframe>[\/vc_column_text][\/vc_column][\/vc_row][vc_row full_width=\u00bbstretch_row_content_no_spaces\u00bb css=\u00bb.vc_custom_1618397983041{margin-bottom: -50px !important;}\u00bb][vc_column][vc_single_image image=\u00bb1044&#8243; img_size=\u00bbfull\u00bb][\/vc_column][\/vc_row]<\/p>\n<\/section>","protected":false},"excerpt":{"rendered":"<p>[vc_row full_width=\u00bbstretch_row\u00bb bg_type=\u00bbimage\u00bb parallax_style=\u00bbvcpb-default\u00bb bg_image_new=\u00bbid^1173|url^https:\/\/alconza.com\/wp-content\/uploads\/2021\/03\/alconza-soluciones_bg.jpg|caption^null|alt^null|title^alconza-soluciones_bg|description^null\u00bb bg_image_repeat=\u00bbno-repeat\u00bb bg_image_posiiton=\u00bbcenter center\u00bb css=\u00bb.vc_custom_1618400564986{margin-top: -70px !important;padding-top: 340px !important;padding-bottom: 45px !important;background-position: center !important;background-repeat: no-repeat !important;background-size: cover !important;}\u00bb][vc_column][vc_column_text css=\u00bb.vc_custom_1618396473462{padding-top: 10px !important;}\u00bb] Contacto [\/vc_column_text][\/vc_column][\/vc_row][vc_row gap=\u00bb30&#8243; css=\u00bb.vc_custom_1618399642423{padding-top: 90px !important;}\u00bb][vc_column width=\u00bb1\/3&#8243;][vc_icon type=\u00bbtypicons\u00bb icon_typicons=\u00bbtypcn typcn-phone-outline\u00bb color=\u00bbcustom\u00bb size=\u00bblg\u00bb align=\u00bbcenter\u00bb custom_color=\u00bb#53585a\u00bb][vc_column_text] Ll\u00e1manos [\/vc_column_text][vc_column_text css=\u00bb.vc_custom_1618399801780{margin-top: 30px !important;}\u00bb] +34 946 680 000 [\/vc_column_text][\/vc_column][vc_column width=\u00bb1\/3&#8243;][vc_icon type=\u00bbtypicons\u00bb icon_typicons=\u00bbtypcn typcn-location-outline\u00bb color=\u00bbcustom\u00bb size=\u00bblg\u00bb align=\u00bbcenter\u00bb&hellip;<\/p>\n","protected":false},"author":4,"featured_media":0,"parent":0,"menu_order":0,"comment_status":"closed","ping_status":"closed","template":"","meta":{"_acf_changed":false,"footnotes":""},"class_list":["post-1512","page","type-page","status-publish","hentry","description-off"],"acf":[],"_links":{"self":[{"href":"https:\/\/alconza.com\/es\/wp-json\/wp\/v2\/pages\/1512","targetHints":{"allow":["GET"]}}],"collection":[{"href":"https:\/\/alconza.com\/es\/wp-json\/wp\/v2\/pages"}],"about":[{"href":"https:\/\/alconza.com\/es\/wp-json\/wp\/v2\/types\/page"}],"author":[{"embeddable":true,"href":"https:\/\/alconza.com\/es\/wp-json\/wp\/v2\/users\/4"}],"replies":[{"embeddable":true,"href":"https:\/\/alconza.com\/es\/wp-json\/wp\/v2\/comments?post=1512"}],"version-history":[{"count":5,"href":"https:\/\/alconza.com\/es\/wp-json\/wp\/v2\/pages\/1512\/revisions"}],"predecessor-version":[{"id":4322,"href":"https:\/\/alconza.com\/es\/wp-json\/wp\/v2\/pages\/1512\/revisions\/4322"}],"wp:attachment":[{"href":"https:\/\/alconza.com\/es\/wp-json\/wp\/v2\/media?parent=1512"}],"curies":[{"name":"wp","href":"https:\/\/api.w.org\/{rel}","templated":true}]}}