{"id":2488,"date":"2021-07-08T08:28:19","date_gmt":"2021-07-08T06:28:19","guid":{"rendered":"https:\/\/alconza.com\/?page_id=2488"},"modified":"2024-03-05T10:14:19","modified_gmt":"2024-03-05T09:14:19","slug":"politica-integrada","status":"publish","type":"page","link":"https:\/\/alconza.com\/es\/politica-integrada\/","title":{"rendered":"Politica integrada"},"content":{"rendered":"<h2><strong>Pol\u00edtica integrada<\/strong><\/h2>\n<p>&nbsp;<\/p>\n<p>ALCONZA ha establecido un proyecto empresarial con el objetivo de la puesta en valor de nuestra marca para el crecimiento y generaci\u00f3n de riqueza en nuestro entorno.<\/p>\n<p>ALCONZA tiene como objetivo que la calidad de los productos y servicios que ofrece sean un fiel reflejo de las expectativas y exigencias de cada cliente, que protejan el medio ambiente y prevengan su contaminaci\u00f3n y que se realicen garantizando que se eliminan los peligros y se reducen los riesgos para la seguridad y salud, asegurando as\u00ed el \u00e9xito a corto y a largo plazo de la empresa. Es por ello, que es el resultado de las acciones planificadas y sistem\u00e1ticas de prevenci\u00f3n, detecci\u00f3n, correcci\u00f3n y mejora continua durante todos los procesos de dise\u00f1o, fabricaci\u00f3n y mantenimiento, cumpliendo siempre los requisitos marcados por la reglamentaci\u00f3n vigente y otros compromisos espec\u00edficos pertinentes a nuestro contexto.<\/p>\n<p>Resulta un reto clave el logro de un alto grado de satisfacci\u00f3n de nuestros clientes, siendo capaces de adaptarnos a sus necesidades, as\u00ed como a las exigencias de los requisitos Legales y Reglamentarios y otros requisitos, de forma flexible para el adecuado suministro de productos y servicios con los niveles de Calidad y Fiabilidad, que nos permitan lograr su fidelizaci\u00f3n.<\/p>\n<p>La Calidad de nuestros productos y servicios s\u00f3lo se puede lograr con la total implicaci\u00f3n del equipo humano de ALCONZA, que adem\u00e1s de garantizar el futuro de la empresa contribuyen a la mejora de la comunicaci\u00f3n y la gesti\u00f3n, como elementos de desarrollo en la satisfacci\u00f3n tanto de las personas que formamos parte de ALCONZA, como de las personas colaboradoras. Adquiriendo un compromiso al respecto de disponer de mecanismos para garantizar la participaci\u00f3n y consulta de la plantilla y sin olvidarnos de proporcionar condiciones de trabajo seguras y saludables para la prevenci\u00f3n de lesiones, deterioro de la salud relacionados con el trabajo y situaciones de acoso sexual o por raz\u00f3n de sexo y que vaya alineado con nuestro prop\u00f3sito, tama\u00f1o y contexto y la naturaleza de nuestros riesgos y oportunidades.<\/p>\n<p>ALCONZA garantiza un adecuado mantenimiento de sus equipos e infraestructuras y la formaci\u00f3n continua de su personal para ofertar un producto y unos servicios en constante evoluci\u00f3n.<\/p>\n<p>Desde la Direcci\u00f3n de ALCONZA, expresamos nuestro compromiso de ser parte del equipo humano que de forma conjunta trabajamos por la Mejora Continua en todos nuestros procesos de la cadena de valor, potenciando la innovaci\u00f3n, tanto en productos como en proceso, que contribuyan a la mejora y a la igualdad de oportunidades que den como resultado una organizaci\u00f3n saludable y sostenible.<\/p>\n<p>La Direcci\u00f3n se compromete a dotar de los recursos necesarios para el cumplimiento de esta Pol\u00edtica.<\/p>\n<p>&nbsp;<\/p>\n<p style=\"text-align: right;\">\u00a0\u00a0\u00a0\u00a0\u00a0\u00a0\u00a0\u00a0\u00a0\u00a0\u00a0\u00a0\u00a0\u00a0\u00a0\u00a0\u00a0\u00a0\u00a0\u00a0\u00a0\u00a0\u00a0\u00a0\u00a0\u00a0\u00a0\u00a0\u00a0\u00a0\u00a0\u00a0\u00a0\u00a0\u00a0\u00a0\u00a0\u00a0\u00a0\u00a0\u00a0\u00a0\u00a0\u00a0\u00a0\u00a0\u00a0\u00a0\u00a0\u00a0\u00a0\u00a0\u00a0\u00a0\u00a0\u00a0\u00a0\u00a0\u00a0 Berango, Marzo de 2023<\/p>\n<p style=\"text-align: right;\">\u00a0\u00a0\u00a0\u00a0\u00a0\u00a0\u00a0\u00a0\u00a0\u00a0\u00a0\u00a0\u00a0\u00a0\u00a0\u00a0\u00a0\u00a0\u00a0\u00a0\u00a0\u00a0\u00a0\u00a0\u00a0\u00a0\u00a0\u00a0\u00a0\u00a0\u00a0\u00a0\u00a0\u00a0\u00a0\u00a0\u00a0\u00a0\u00a0\u00a0\u00a0\u00a0\u00a0\u00a0\u00a0\u00a0\u00a0\u00a0\u00a0\u00a0\u00a0\u00a0\u00a0\u00a0\u00a0\u00a0\u00a0\u00a0\u00a0\u00a0 Direcci\u00f3n General de Alconza Berango SL<\/p>\n","protected":false},"excerpt":{"rendered":"<p>Pol\u00edtica integrada &nbsp; ALCONZA ha establecido un proyecto empresarial con el objetivo de la puesta en valor de nuestra marca para el crecimiento y generaci\u00f3n de riqueza en nuestro entorno. ALCONZA tiene como objetivo que la calidad de los productos y servicios que ofrece sean un fiel reflejo de las expectativas y exigencias de cada&hellip;<\/p>\n","protected":false},"author":4,"featured_media":0,"parent":0,"menu_order":0,"comment_status":"closed","ping_status":"closed","template":"","meta":{"_acf_changed":false,"footnotes":""},"class_list":["post-2488","page","type-page","status-publish","hentry","description-off"],"acf":[],"_links":{"self":[{"href":"https:\/\/alconza.com\/es\/wp-json\/wp\/v2\/pages\/2488","targetHints":{"allow":["GET"]}}],"collection":[{"href":"https:\/\/alconza.com\/es\/wp-json\/wp\/v2\/pages"}],"about":[{"href":"https:\/\/alconza.com\/es\/wp-json\/wp\/v2\/types\/page"}],"author":[{"embeddable":true,"href":"https:\/\/alconza.com\/es\/wp-json\/wp\/v2\/users\/4"}],"replies":[{"embeddable":true,"href":"https:\/\/alconza.com\/es\/wp-json\/wp\/v2\/comments?post=2488"}],"version-history":[{"count":7,"href":"https:\/\/alconza.com\/es\/wp-json\/wp\/v2\/pages\/2488\/revisions"}],"predecessor-version":[{"id":4856,"href":"https:\/\/alconza.com\/es\/wp-json\/wp\/v2\/pages\/2488\/revisions\/4856"}],"wp:attachment":[{"href":"https:\/\/alconza.com\/es\/wp-json\/wp\/v2\/media?parent=2488"}],"curies":[{"name":"wp","href":"https:\/\/api.w.org\/{rel}","templated":true}]}}