{"id":3,"date":"2019-03-14T13:26:12","date_gmt":"2019-03-14T12:26:12","guid":{"rendered":"https:\/\/alconza.com\/?page_id=3"},"modified":"2024-03-08T14:09:46","modified_gmt":"2024-03-08T13:09:46","slug":"politica-de-privacidad-politica-de-cookies-y-aviso-legal","status":"publish","type":"page","link":"https:\/\/alconza.com\/es\/politica-de-privacidad-politica-de-cookies-y-aviso-legal\/","title":{"rendered":"Pol\u00edtica de Privacidad, Pol\u00edtica de Cookies y Aviso Legal"},"content":{"rendered":"<h2><strong>Pol\u00edtica de Privacidad<\/strong><\/h2>\n<p>&nbsp;<\/p>\n<p>En cumplimiento de lo dispuesto en el RGPD (Reglamento (UE) 2016\/679 del Parlamento Europeo y del Consejo de 27 de abril de 2016 relativo a la protecci\u00f3n de las personas f\u00edsicas en lo que respecta al tratamiento de datos personales y a la libre circulaci\u00f3n de estos datos) y a la LOPDGDD (Ley Org\u00e1nica 3\/2018, de 5 de diciembre, de Protecci\u00f3n de Datos Personales y garant\u00eda de los derechos digitales) le informamos de los siguientes aspectos:<\/p>\n<p>&nbsp;<\/p>\n<h4>Identidad del Responsable del Tratamiento<\/h4>\n<p>El responsable del tratamiento de los datos facilitados a trav\u00e9s de <a href=\"https:\/\/alconza.com\/\" target=\"_blank\" rel=\"nofollow noopener noreferrer\">www.alconza.com<\/a>\u00a0 es Alconza Berango Sociedad Limitada, con NIF ESB48775472 y domicilio social en Arana Bidea 13 &#8211; 48640 (Berango) &#8211; Vizcaya. Para comunicarse con nosotros en relaci\u00f3n al tratamiento de sus datos personales, a trav\u00e9s del tel\u00e9fono 946680011 \u00f3 la direcci\u00f3n de e-mail alconza@alconza.com.<\/p>\n<p>&nbsp;<\/p>\n<h4>Finalidad del tratamiento, legitimaci\u00f3n y destinatarios de sus datos<\/h4>\n<ul>\n<li>Gesti\u00f3n de las consultas o solicitudes efectuadas a trav\u00e9s de nuestro sitio web: Trataremos los datos que nos facilite a trav\u00e9s del formulario de contacto habilitado en nuestro sitio web con la finalidad de gestionar su solicitud o consulta, en base a su consentimiento, al aceptar la presente pol\u00edtica de privacidad. Conservaremos los datos que nos facilite por el plazo estrictamente necesario para gestionar y dar contestaci\u00f3n a su solicitud o consulta. No cederemos sus datos a terceros.<\/li>\n<li>Gesti\u00f3n del env\u00edo de comunicaciones comerciales: Gestionaremos la lista de suscripciones a nuestra Newsletter para el env\u00edo de comunicaciones comerciales (novedades legislativas que afecten a la gesti\u00f3n de su actividad profesional). Al aceptar la presente pol\u00edtica de privacidad, usted consiente dicho tratamiento de datos. Conservaremos su e-mail siempre que usted no se oponga a dicho tratamiento de datos; momento a partir del cual, su dato personal quedar\u00e1 bloqueado. Sus datos no ser\u00e1n cedidos a terceros.<\/li>\n<li>Prestaci\u00f3n del servicio contratado: Trataremos sus datos con la finalidad de mantener la relaci\u00f3n contractual generada entre las partes. Dicho tratamiento es necesario para la prestaci\u00f3n del servicio. Conservaremos sus datos mientras dure la relaci\u00f3n contractual con usted y, una vez finalizada la misma, durante el plazo de prescripci\u00f3n de las acciones legales que pudieran derivarse al respecto. Sus datos ser\u00e1n cedidos a las entidades bancarias con las que trabajamos para el abono del servicio contratado.<\/li>\n<li>Gesti\u00f3n de las solicitudes de empleo recibidas a trav\u00e9s de formulario: Los datos personales que nos facilite al cumplimentar el formulario para comunicarse con nosotros a tal efecto, as\u00ed como los datos contenidos en el archivo que nos adjunte, ser\u00e1n tratados para gestionar los diferentes procesos de selecci\u00f3n que llevemos a cabo. El tratamiento de sus datos se basa en el consentimiento que usted nos presta aceptando la presente pol\u00edtica de privacidad. No se realizar\u00e1n cesiones de sus datos a terceros. Sus datos ser\u00e1n suprimidos transcurrido un a\u00f1o tras la recepci\u00f3n de los mismos. No comunicaremos sus datos a terceros.<\/li>\n<li>Gesti\u00f3n de las denuncias formuladas a trav\u00e9s de nuestro sitio web: Trataremos los datos que nos facilite a trav\u00e9s del formulario de canal de denuncias habilitado en nuestro sitio web con la finalidad de gestionar su consulta, en base a su consentimiento, al aceptar la presente pol\u00edtica de privacidad y del inter\u00e9s leg\u00edtimo. Conservaremos los datos que nos facilite por el plazo estrictamente necesario para gestionar y dar contestaci\u00f3n a su consulta, <span lang=\"ES-TRAD\">cuando finalice el motivo de la misma, ALCONZA mantendr\u00e1 sus datos personales bloqueados durante los plazos de prescripci\u00f3n legal o reclamaciones. Transcurridos los plazos de prescripci\u00f3n legal destruiremos sus datos. <\/span>No cederemos sus datos a terceros<\/li>\n<\/ul>\n<p>&nbsp;<\/p>\n<h4>Derechos de los Interesados<\/h4>\n<p>Ud. puede ejercer sus derechos de acceso, rectificaci\u00f3n, supresi\u00f3n, oposici\u00f3n, a no ser objeto de decisiones individuales automatizadas, portabilidad y limitaci\u00f3n del tratamiento de sus datos dirigi\u00e9ndose a Alconza Berango S.L. a trav\u00e9s de correo electr\u00f3nico (alconza@alconza.com), o por medios no electr\u00f3nicos (correo postal a la direcci\u00f3n de Alconza Berango S.L.), acompa\u00f1ando documentaci\u00f3n que acredite debidamente su identidad. Le informamos que tiene derecho a interponer una reclamaci\u00f3n ante la Agencia Espa\u00f1ola de Protecci\u00f3n de Datos (AEPD) en caso de que considere infringidos sus derechos.<\/p>\n<p>&nbsp;<\/p>\n<h2><strong>Pol\u00edtica de Cookies<\/strong><\/h2>\n<p>Una cookie es un peque\u00f1o fichero que se descarga en su ordenador u otro dispositivo (smartphone, tablet, etc.) que utilice cuando visita www.alconza.com. Entre otros fines, las cookies permiten personalizar los contenidos a los que acceden y a nosotros obtener estad\u00edsticas para mejorar nuestros servicios y tambi\u00e9n ofrecerle publicidad. Con car\u00e1cter general, se puede utilizar varios criterios para clasificar las cookies, en funci\u00f3n de qui\u00e9n las gestione (propias o de terceros), el plazo de tiempo durante el que permanecen actividades (de sesi\u00f3n o persistentes) o su finalidad (t\u00e9cnica, de personalizaci\u00f3n, de an\u00e1lisis, etc.). En el \u00faltimo caso, dependiendo de cu\u00e1l sea la finalidad concreta pueden requerir, o no, obtener el consentimiento del usuario.<\/p>\n<p>&nbsp;<\/p>\n<h4>\u00bfQu\u00e9 cookies se utilizan en www.alconza.com?<\/h4>\n<p>Alconza Berango S.L. utiliza \u201ccookies\u201d en su p\u00e1gina, no obstante la navegaci\u00f3n por la p\u00e1gina www.alconza.com es an\u00f3nima, \u00fanicamente se registra informaci\u00f3n sobre el n\u00famero de visitas, horas, etc. en los ficheros hist\u00f3ricos o logs con fines exclusivamente estad\u00edsticos. Para cumplir con la legislaci\u00f3n vigente, tenemos que pedir su permiso para gestionar cookies. Si decide no autorizar el tratamiento indic\u00e1ndonos su no conformidad, s\u00f3lo usar\u00edamos las cookies t\u00e9cnicas y las anal\u00edticas, puesto que son imprescindibles para la navegaci\u00f3n por nuestro sitio Web. En este caso, no almacenar\u00edamos ninguna otra cookie. En el caso de seguir navegando por nuestro sitio Web sin denegar su autorizaci\u00f3n implica que acepta su uso. Tenga en cuenta que si rechaza o borra las cookies de navegaci\u00f3n, no podremos mantener sus preferencias y algunas caracter\u00edsticas de las p\u00e1ginas no estar\u00e1n operativas, no podremos ofrecerle servicios personalizados y cada vez que vaya a navegar por nuestra Web tendremos que solicitarle de nuevo su autorizaci\u00f3n para el uso de cookies.<\/p>\n<p>&nbsp;<\/p>\n<h4>Gesti\u00f3n y desactivaci\u00f3n o eliminaci\u00f3n de las cookies<\/h4>\n<p>En cualquier momento Usted podr\u00e1 ejercer su derecho de desactivaci\u00f3n o eliminaci\u00f3n de cookies instaladas en su equipo o dispositivo mediante la configuraci\u00f3n de las opciones del navegador que utilice. En funci\u00f3n del navegador que est\u00e9 usando, variar\u00e1 la manera en la que pueda eliminar, desactivar o bloquear las cookies. Al respecto, puede consultar los siguientes links de los principales navegadores donde podr\u00e1 encontrar m\u00e1s informaci\u00f3n:<\/p>\n<ul>\n<li><a href=\"http:\/\/windows.microsoft.com\/es-es\/windows-vista\/block-or-allow-cookies\" target=\"_blank\" rel=\"noopener noreferrer\">Configuraci\u00f3n de <em>cookies<\/em> de Internet Explorer<\/a><\/li>\n<li><a href=\"http:\/\/support.mozilla.org\/es\/kb\/habilitar-y-deshabilitar-cookies-que-los-sitios-we\" target=\"_blank\" rel=\"noopener noreferrer\">Configuraci\u00f3n de <em>cookies<\/em> de Firefox<\/a><\/li>\n<li><a href=\"http:\/\/support.google.com\/chrome\/bin\/answer.py?hl=es&amp;answer=95647\" target=\"_blank\" rel=\"noopener noreferrer\">Configuraci\u00f3n de <em>cookies<\/em> de Google Chrome<\/a><\/li>\n<li><a href=\"http:\/\/support.apple.com\/kb\/HT1677?viewlocale=es_ES&amp;locale=es_ES\" target=\"_blank\" rel=\"noopener noreferrer\">Configuraci\u00f3n de <em>cookies<\/em> de Safari<\/a><\/li>\n<\/ul>\n<p>&nbsp;<\/p>\n<h4>Consultas y m\u00e1s informaci\u00f3n sobre cookies<\/h4>\n<p>Si tiene alguna consulta sobre esta Pol\u00edtica de Cookies puede dirigirse a alconza@alconza.com. Y si desea obtener m\u00e1s informaci\u00f3n sobre las cookies, puede consultar <a href=\"http:\/\/www.interior.gob.es\/documents\/10180\/13073\/Guia_Cookies.pdf\/7c72c988-1e55-42b5-aeee-f7c46a319903\">la Gu\u00eda sobre el uso de las cookies de la Agencia Espa\u00f1ola de Protecci\u00f3n de Datos (AEPD)<\/a>, elaborada junto con varias asociaciones sectoriales.<\/p>\n<p>&nbsp;<\/p>\n<h2><strong>Aviso Legal<\/strong><\/h2>\n<p>El c\u00f3digo fuente, los dise\u00f1os gr\u00e1ficos, las im\u00e1genes, las animaciones, el software, los textos, as\u00ed como la informaci\u00f3n y los contenidos que se recogen en www.alconza.com son propiedad de Alconza Berango S.L. y no se permite la reproducci\u00f3n y\/o publicaci\u00f3n, total o parcial, del sitio web, ni su tratamiento inform\u00e1tico, su distribuci\u00f3n, su comunicaci\u00f3n p\u00fablica, ni su modificaci\u00f3n o transformaci\u00f3n, sin el permiso previo y por escrito de Alconza Berango S.L El usuario, \u00fanica y exclusivamente, puede utilizar el material que aparezca en este sitio web para su uso personal y privado, quedando prohibido su uso con fines comerciales o para incurrir en actividades contrarias a la ley.<\/p>\n<p>&nbsp;<\/p>\n<h4>Condiciones de utilizaci\u00f3n del sitio web<\/h4>\n<p>La utilizaci\u00f3n de la p\u00e1gina web www.alconza.com implica la aceptaci\u00f3n plena y sin reservas de todas y cada una de las disposiciones incluidas en este Aviso Legal en la versi\u00f3n publicada por Alconza Berango S.L. en el momento mismo en que el Usuario acceda a la p\u00e1gina. En consecuencia, el usuario debe leer atentamente el presente Aviso Legal.<\/p>\n<ul>\n<li>Alconza Berango S.L. podr\u00e1 modificar o actualizar, sin previo aviso, la informaci\u00f3n contenida en su sitio web, as\u00ed como su configuraci\u00f3n, presentaci\u00f3n y condiciones de acceso.<\/li>\n<li>Alconza Berango S.L. no garantiza la inexistencia de interrupciones o errores en el acceso al web, en su contenido, ni que \u00e9ste se encuentre actualizado, aunque desarrollar\u00e1 sus mejores esfuerzos para, en su caso, evitarlos, subsanarlos o actualizarlos.<\/li>\n<li>El Usuario se compromete a utilizar la p\u00e1gina web de conformidad con la ley y el presente Aviso Legal, as\u00ed como con la moral y las buenas costumbres generalmente aceptadas y el orden p\u00fablico.<\/li>\n<li>Alconza Berango S.L. garantiza que todos los contenidos y servicios que se ofrecen en www.alconza.com respetan el principio de dignidad de la persona, el principio de no-discriminaci\u00f3n por motivos de raza, sexo, religi\u00f3n, opini\u00f3n, nacionalidad, discapacidad o cualquier otra circunstancia personal y social, as\u00ed como el principio de protecci\u00f3n de la juventud y de la infancia.<\/li>\n<li>Alconza Berango S.L. se compromete, a trav\u00e9s de este medio, a NO REALIZAR PUBLICIDAD ENGA\u00d1OSA. No ser\u00e1n considerados como publicidad enga\u00f1osa los errores formales o num\u00e9ricos que puedan encontrarse a lo largo del contenido de las distintas secciones de la web. Alconza Berango S.L. se compromete a corregirlo tan pronto como tenga conocimiento de dichos errores.<\/li>\n<li>Alconza Berango S.L. se compromete a NO REMITIR COMUNICACIONES COMERCIALES SIN IDENTIFICARLAS COMO TALES, conforme a lo dispuesto en la Ley 34\/2002 de Servicios de la Sociedad de la Informaci\u00f3n y de comercio electr\u00f3nico. No ser\u00e1 considerada como comunicaci\u00f3n comercial toda la informaci\u00f3n que se env\u00ede a los clientes de Alconza Berango S.L. siempre que tenga por finalidad el mantenimiento de la relaci\u00f3n contractual existente entre cliente y Alconza Berango S.L. as\u00ed como el desempe\u00f1o de tareas de informaci\u00f3n y otras actividades propias del servicio que el cliente tiene contratado con la empresa.<\/li>\n<li>Tanto el acceso a esta web, como el uso que pueda hacerse de la informaci\u00f3n contenida en la misma es de la exclusiva responsabilidad de quien lo realiza. Alconza Berango S.L. no responder\u00e1 de ninguna consecuencia, da\u00f1o o perjuicio que pudieran derivarse de dicho acceso o uso de la informaci\u00f3n. Alconza Berango S.L. no se hace responsable de los posibles errores de seguridad que se puedan producir ni de los posibles da\u00f1os que puedan causarse al sistema inform\u00e1tico del usuario (hardware y software), los ficheros o documentos almacenados en el mismo, como consecuencia de la presencia de virus en el ordenador del usuario utilizado para la conexi\u00f3n a los servicios y contenidos de la web, de un mal funcionamiento del navegador o del uso de versiones no actualizadas del mismo.<\/li>\n<li>Todo enlace de terceros a esta web debe serlo a su p\u00e1gina principal o de entrada<\/li>\n<li>Alconza Berango S.L. y el usuario, con renuncia expresa a cualquier otro fuero, se someten al de los juzgados y tribunales del domicilio del usuario para cualquier controversia que pudiera derivarse del acceso a esta web. En el caso de que el usuario tenga su domicilio fuera de Espa\u00f1a, Alconza Berango S.L. y el usuario se someten, con renuncia expresa a cualquier otro fuero, a los juzgados y tribunales de la ciudad de Vizcaya (Espa\u00f1a).<\/li>\n<\/ul>\n<p>&nbsp;<\/p>\n<h4>Datos de inscripci\u00f3n en el Registro<\/h4>\n<p>Alconza Berango S.L. inscrita en el Registro Mercantil de Vizcaya: T 3256, F 193, H BI 14633 (26.10.95)<\/p>\n","protected":false},"excerpt":{"rendered":"<p>Pol\u00edtica de Privacidad &nbsp; En cumplimiento de lo dispuesto en el RGPD (Reglamento (UE) 2016\/679 del Parlamento Europeo y del Consejo de 27 de abril de 2016 relativo a la protecci\u00f3n de las personas f\u00edsicas en lo que respecta al tratamiento de datos personales y a la libre circulaci\u00f3n de estos datos) y a la&hellip;<\/p>\n","protected":false},"author":4,"featured_media":0,"parent":0,"menu_order":0,"comment_status":"closed","ping_status":"open","template":"","meta":{"_acf_changed":false,"footnotes":""},"class_list":["post-3","page","type-page","status-publish","hentry","description-off"],"acf":[],"_links":{"self":[{"href":"https:\/\/alconza.com\/es\/wp-json\/wp\/v2\/pages\/3","targetHints":{"allow":["GET"]}}],"collection":[{"href":"https:\/\/alconza.com\/es\/wp-json\/wp\/v2\/pages"}],"about":[{"href":"https:\/\/alconza.com\/es\/wp-json\/wp\/v2\/types\/page"}],"author":[{"embeddable":true,"href":"https:\/\/alconza.com\/es\/wp-json\/wp\/v2\/users\/4"}],"replies":[{"embeddable":true,"href":"https:\/\/alconza.com\/es\/wp-json\/wp\/v2\/comments?post=3"}],"version-history":[{"count":6,"href":"https:\/\/alconza.com\/es\/wp-json\/wp\/v2\/pages\/3\/revisions"}],"predecessor-version":[{"id":4873,"href":"https:\/\/alconza.com\/es\/wp-json\/wp\/v2\/pages\/3\/revisions\/4873"}],"wp:attachment":[{"href":"https:\/\/alconza.com\/es\/wp-json\/wp\/v2\/media?parent=3"}],"curies":[{"name":"wp","href":"https:\/\/api.w.org\/{rel}","templated":true}]}}