{"id":346,"date":"2020-12-01T12:29:33","date_gmt":"2020-12-01T11:29:33","guid":{"rendered":"https:\/\/alconza.com\/?page_id=346"},"modified":"2021-06-29T10:13:55","modified_gmt":"2021-06-29T08:13:55","slug":"servicios","status":"publish","type":"page","link":"https:\/\/alconza.com\/es\/servicios\/","title":{"rendered":"Servicios"},"content":{"rendered":"<section class=\"wpb-content-wrapper\"><p>[vc_row full_width=\u00bbstretch_row\u00bb bg_type=\u00bbimage\u00bb parallax_style=\u00bbvcpb-default\u00bb bg_image_new=\u00bbid^1170|url^https:\/\/alconza.com\/wp-content\/uploads\/2021\/03\/alconza-servicios_bg.jpg|caption^null|alt^null|title^alconza-servicios_bg|description^null\u00bb bg_image_repeat=\u00bbno-repeat\u00bb bg_image_posiiton=\u00bbcenter center\u00bb css=\u00bb.vc_custom_1614697442895{margin-top: -70px !important;padding-top: 600px !important;padding-bottom: 45px !important;background-position: center !important;background-repeat: no-repeat !important;background-size: cover !important;}\u00bb][vc_column][vc_column_text]<\/p>\n<h2 class=\"centrado blanco titulo-interna\">Apoyo al ciclo de vida<\/h2>\n<p>[\/vc_column_text][vc_column_text]<\/p>\n<h2 class=\"centrado blanco titulo-descripcion\">Trabajamos para mantener el rumbo de tus objetivos<\/h2>\n<p>[\/vc_column_text][vc_column_text css=\u00bb.vc_custom_1614697399533{margin-top: 32px !important;}\u00bb]<\/p>\n<p class=\"centrado blanco\">Brindamos al cliente una soluci\u00f3n integral y flexible para toda su gama de generadores y motores, tanto en el sector marino, hidroel\u00e9ctrico como industrial, ofreciendo soporte t\u00e9cnico, mantenimiento, repuestos y formaci\u00f3n<strong>,<\/strong> durante el Ciclo de Vida de sus productos.<\/p>\n<p>[\/vc_column_text][\/vc_column][\/vc_row][vc_row full_width=\u00bbstretch_row_content\u00bb equal_height=\u00bbyes\u00bb content_placement=\u00bbmiddle\u00bb][vc_column css=\u00bb.vc_custom_1614181814350{padding-top: 600px !important;background-image: url(https:\/\/alconza.com\/wp-content\/uploads\/2021\/02\/servicios-campo-fnd.jpg?id=1119) !important;background-position: center !important;background-repeat: no-repeat !important;background-size: cover !important;}\u00bb offset=\u00bbvc_col-lg-6 vc_col-md-6&#8243;][\/vc_column][vc_column css=\u00bb.vc_custom_1614181824092{background-color: #f9f9f9 !important;}\u00bb el_class=\u00bbfullwidth-paddings\u00bb offset=\u00bbvc_col-lg-6 vc_col-md-6&#8243;][vc_single_image image=\u00bb155&#8243; img_size=\u00bbfull\u00bb alignment=\u00bbcenter\u00bb][vc_column_text]<\/p>\n<h3 class=\"centrado\">Servicios en campo<\/h3>\n<p>[\/vc_column_text][vc_column_text css=\u00bb.vc_custom_1624953504626{margin-top: 30px !important;}\u00bb]Compuesto por un equipo de t\u00e9cnicos altamente cualificados, formados en \u00e1reas estrat\u00e9gicas de nuestras instalaciones y con una gran experiencia desarrollada durante servicios in situ. Nuestro objetivo es la Satisfacci\u00f3n del Cliente y la Mejora Continua del producto y los servicios.<\/p>\n<p>Contamos con los u\u0301ltimos equipos de diagnosis y damos cobertura internacional, onshore y offshore, proporcionamos apoyo 24 horas al di\u0301a, los 365 di\u0301as del an\u0303o.<\/p>\n<p>Prestamos servicios desde el montaje, puesta en marcha, mantenimiento programado y reparaci\u00f3n de urgencia para todas nuestras m\u00e1quinas.<br \/>\n[\/vc_column_text][\/vc_column][\/vc_row][vc_row full_width=\u00bbstretch_row_content\u00bb equal_height=\u00bbyes\u00bb content_placement=\u00bbmiddle\u00bb][vc_column css=\u00bb.vc_custom_1614697841776{background-color: #f9f9f9 !important;}\u00bb el_class=\u00bborder2 fullwidth-paddings\u00bb offset=\u00bbvc_col-lg-6 vc_col-md-6&#8243;][vc_single_image image=\u00bb161&#8243; img_size=\u00bbfull\u00bb alignment=\u00bbcenter\u00bb][vc_column_text]<\/p>\n<h3 class=\"centrado\">Ingenier\u00eda en remoto<\/h3>\n<p>[\/vc_column_text][vc_column_text css=\u00bb.vc_custom_1621331809527{margin-top: 30px !important;}\u00bb]Soporte integral en remoto para las siguientes situaciones:<\/p>\n<ul>\n<li>Resoluci\u00f3n de incidencias.<\/li>\n<li>An\u00e1lisis del comportamiento (sens\u00f3rica, temperatura, vibraciones..)<\/li>\n<li>Valoraci\u00f3n de\u00a0 posibles cambios o mejoras de alg\u00fan componente del equipo que mejore el ciclo de vida del mismo.<\/li>\n<li>Asesoramiento t\u00e9cnico para el montaje\/desmontaje de equipos en campo.<\/li>\n<li>Asesoramiento t\u00e9cnico en remoto a los centros de servicio aliados.<\/li>\n<\/ul>\n<p>[\/vc_column_text][\/vc_column][vc_column css=\u00bb.vc_custom_1614697887689{padding-top: 600px !important;background-image: url(https:\/\/alconza.com\/wp-content\/uploads\/2021\/02\/ingenieria-remoto-fnd.jpg?id=1120) !important;background-position: center !important;background-repeat: no-repeat !important;background-size: cover !important;}\u00bb el_class=\u00bborder1&#8243; offset=\u00bbvc_col-lg-6 vc_col-md-6&#8243;][\/vc_column][\/vc_row][vc_row full_width=\u00bbstretch_row_content\u00bb equal_height=\u00bbyes\u00bb content_placement=\u00bbmiddle\u00bb][vc_column css=\u00bb.vc_custom_1614697899735{padding-top: 600px !important;background-image: url(https:\/\/alconza.com\/wp-content\/uploads\/2020\/12\/Puesta-en-marcha.jpg?id=366) !important;background-position: center !important;background-repeat: no-repeat !important;background-size: cover !important;}\u00bb offset=\u00bbvc_col-lg-6 vc_col-md-6&#8243;][\/vc_column][vc_column css=\u00bb.vc_custom_1614697832569{background-color: #f9f9f9 !important;}\u00bb el_class=\u00bbfullwidth-paddings\u00bb offset=\u00bbvc_col-lg-6 vc_col-md-6&#8243;][vc_single_image image=\u00bb160&#8243; img_size=\u00bbfull\u00bb alignment=\u00bbcenter\u00bb][vc_column_text]<\/p>\n<h3 class=\"centrado\">Puesta en marcha<\/h3>\n<p>[\/vc_column_text][vc_column_text css=\u00bb.vc_custom_1615386617216{margin-top: 30px !important;}\u00bb]Nuestro servicio de puesta en marcha garantiza el mejor rendimiento posible de las ma\u0301quinas.<\/p>\n<ul>\n<li>Puesta en marcha por personal te\u0301cnico cualificado.<\/li>\n<li>Funcionamiento correcto del equipo.<\/li>\n<li>Activaci\u00f3n de la garant\u00eda e informe del estado operativo del equipo.<\/li>\n<li>Posibilidad de ampliaci\u00f3n de garant\u00eda a solicitud del cliente.<\/li>\n<\/ul>\n<p>[\/vc_column_text][\/vc_column][\/vc_row][vc_row full_width=\u00bbstretch_row_content\u00bb equal_height=\u00bbyes\u00bb content_placement=\u00bbmiddle\u00bb][vc_column css=\u00bb.vc_custom_1614697711124{background-color: #f9f9f9 !important;}\u00bb el_class=\u00bborder2 fullwidth-paddings\u00bb offset=\u00bbvc_col-lg-6 vc_col-md-6&#8243;][vc_single_image image=\u00bb162&#8243; img_size=\u00bbfull\u00bb alignment=\u00bbcenter\u00bb][vc_column_text]<\/p>\n<h3 class=\"centrado\">Repuestos originales<\/h3>\n<p>[\/vc_column_text][vc_column_text css=\u00bb.vc_custom_1621331849148{margin-top: 30px !important;}\u00bb]Como Fabricante de Equipo Original (OEM) suministramos repuestos genuinos y de proveedores de primer nivel a cualquier parte del mundo.[\/vc_column_text][vc_column_text css=\u00bb.vc_custom_1624953593741{margin-top: 20px !important;}\u00bb]<\/p>\n<ul>\n<li>Suministro de repuestos urgentes.<\/li>\n<li>Recomendaci\u00f3n de repuestos cr\u00edticos para adquirir al finalizar la puesta en marcha evitando paradas no programadas y gastos extra.<\/li>\n<li>Suministro de repuesto y sustituci\u00f3n \u2018On Condition\u2019 para mantenimientos programados.<\/li>\n<li>Fabricaci\u00f3n y suministro de componentes mayores como: rotores, estatores completos, excitatrices, bobinas de r\u00e1pida instalaci\u00f3n en campo \u2018plug and play\u2019. Facilitando la puesta en marcha siempre bajo la supervisi\u00f3n de nuestros t\u00e9cnicos.<\/li>\n<li>En caso de obsolescencia de alguno de los componentes en nuestros equipos ofrecemos componentes alternativos que sustituyen de manera natural al elemento original.<\/li>\n<\/ul>\n<p>[\/vc_column_text][\/vc_column][vc_column css=\u00bb.vc_custom_1614697720980{padding-top: 600px !important;background-image: url(https:\/\/alconza.com\/wp-content\/uploads\/2021\/02\/repuestos-originales_fnd.jpg?id=1123) !important;background-position: center !important;background-repeat: no-repeat !important;background-size: cover !important;}\u00bb el_class=\u00bborder1&#8243; offset=\u00bbvc_col-lg-6 vc_col-md-6&#8243;][\/vc_column][\/vc_row][vc_row full_width=\u00bbstretch_row_content\u00bb equal_height=\u00bbyes\u00bb content_placement=\u00bbmiddle\u00bb][vc_column css=\u00bb.vc_custom_1615387617877{padding-top: 600px !important;background-image: url(https:\/\/alconza.com\/wp-content\/uploads\/2021\/03\/alconza-centros-de-servicio.jpg?id=1391) !important;background-position: center !important;background-repeat: no-repeat !important;background-size: cover !important;}\u00bb offset=\u00bbvc_col-lg-6 vc_col-md-6&#8243;][\/vc_column][vc_column css=\u00bb.vc_custom_1614697802442{background-color: #f9f9f9 !important;}\u00bb el_class=\u00bbfullwidth-paddings\u00bb offset=\u00bbvc_col-lg-6 vc_col-md-6&#8243;][vc_single_image image=\u00bb156&#8243; img_size=\u00bbfull\u00bb alignment=\u00bbcenter\u00bb][vc_column_text]<\/p>\n<h3 class=\"centrado\">Centros de servicio<\/h3>\n<p>[\/vc_column_text][vc_column_text css=\u00bb.vc_custom_1624953517057{margin-top: 30px !important;}\u00bb]Disponemos de los medios necesarios para asegurar la m\u00e1xima calidad y proveemos soluciones de gran valor a trav\u00e9s de nuestra red de colaboradores, en cualquier lugar del mundo.<\/p>\n<p>Realizamos la evaluaci\u00f3n del estado de la m\u00e1quina por parte de nuestros t\u00e9cnicos o profesionales de <a href=\"#mapa-centro-servicios\"><strong>centros de servicio aliados<\/strong><\/a>, en caso de aver\u00eda procedemos con su reparaci\u00f3n local o el traslado a cualquiera de los centros de servicio.[\/vc_column_text][\/vc_column][\/vc_row][vc_row full_width=\u00bbstretch_row_content\u00bb equal_height=\u00bbyes\u00bb content_placement=\u00bbmiddle\u00bb][vc_column css=\u00bb.vc_custom_1614697776846{background-color: #f9f9f9 !important;}\u00bb el_class=\u00bborder2 fullwidth-paddings\u00bb offset=\u00bbvc_col-lg-6 vc_col-md-6&#8243;][vc_single_image image=\u00bb157&#8243; img_size=\u00bbfull\u00bb alignment=\u00bbcenter\u00bb][vc_column_text]<\/p>\n<h3 class=\"centrado\">Contratos de mantenimiento<\/h3>\n<p>[\/vc_column_text][vc_column_text css=\u00bb.vc_custom_1614182157051{margin-top: 30px !important;}\u00bb]Los contratos de mantenimiento pueden ser programados para cubrir las necesidades de los clientes.[\/vc_column_text][vc_column_text css=\u00bb.vc_custom_1624953635685{margin-top: 20px !important;}\u00bb]<\/p>\n<ul>\n<li>Minimizan los tiempos de parada durante los mantenimientos.<\/li>\n<li>Aseguran el correcto mantenimiento de los equipos suministrados durante su Ciclo de Vida, prolongando su vida \u00fatil.<\/li>\n<li>Previenen posibles fallos mediante el mantenimiento y diagn\u00f3stico peri\u00f3dico.<\/li>\n<li>Reducen los costos derivados de las paradas de los equipos.<\/li>\n<li>Verificaci\u00f3n y sustituci\u00f3n de componentes \u201cOn Condition\u201d.<\/li>\n<\/ul>\n<p>[\/vc_column_text][\/vc_column][vc_column css=\u00bb.vc_custom_1614697786357{padding-top: 600px !important;background-image: url(https:\/\/alconza.com\/wp-content\/uploads\/2021\/02\/Contratos-mantenimiento_fnd.jpg?id=1121) !important;background-position: center !important;background-repeat: no-repeat !important;background-size: cover !important;}\u00bb el_class=\u00bborder1&#8243; offset=\u00bbvc_col-lg-6 vc_col-md-6&#8243;][\/vc_column][\/vc_row][vc_row full_width=\u00bbstretch_row_content\u00bb equal_height=\u00bbyes\u00bb content_placement=\u00bbmiddle\u00bb][vc_column css=\u00bb.vc_custom_1615386537860{padding-top: 600px !important;background-image: url(https:\/\/alconza.com\/wp-content\/uploads\/2021\/03\/foto-extension-de-garantia.jpg?id=1390) !important;background-position: center !important;background-repeat: no-repeat !important;background-size: cover !important;}\u00bb offset=\u00bbvc_col-lg-6 vc_col-md-6&#8243;][\/vc_column][vc_column css=\u00bb.vc_custom_1614697756233{background-color: #f9f9f9 !important;}\u00bb el_class=\u00bbfullwidth-paddings\u00bb offset=\u00bbvc_col-lg-6 vc_col-md-6&#8243;][vc_single_image image=\u00bb158&#8243; img_size=\u00bbfull\u00bb alignment=\u00bbcenter\u00bb][vc_column_text]<\/p>\n<h3 class=\"centrado\">Extensiones de garant\u00eda<\/h3>\n<p>[\/vc_column_text][vc_column_text css=\u00bb.vc_custom_1614691946011{margin-top: 30px !important;}\u00bb]Este servicio permite extender las condiciones de garanti\u0301a a partir de la fecha de entrega del producto, cubriendo asi\u0301 las condiciones contractuales de nuestro cliente con el cliente final.[\/vc_column_text][vc_column_text css=\u00bb.vc_custom_1614691952890{margin-top: 20px !important;}\u00bb]<\/p>\n<ul>\n<li>Analizando el estado de los equipos cada a\u00f1o para la reactivaci\u00f3n de la garant\u00eda.<\/li>\n<li>Asegurando el suministro de repuestos.<\/li>\n<\/ul>\n<p>[\/vc_column_text][\/vc_column][\/vc_row][vc_row full_width=\u00bbstretch_row_content\u00bb equal_height=\u00bbyes\u00bb content_placement=\u00bbmiddle\u00bb][vc_column css=\u00bb.vc_custom_1614697736778{background-color: #f9f9f9 !important;}\u00bb el_class=\u00bborder2 fullwidth-paddings\u00bb offset=\u00bbvc_col-lg-6 vc_col-md-6&#8243;][vc_single_image image=\u00bb159&#8243; img_size=\u00bbfull\u00bb alignment=\u00bbcenter\u00bb][vc_column_text]<\/p>\n<h3 class=\"centrado\">Formaci\u00f3n<\/h3>\n<p>[\/vc_column_text][vc_column_text css=\u00bb.vc_custom_1621332183452{margin-top: 30px !important;}\u00bb]Ofrecemos a nuestros clientes formacio\u0301n te\u0301cnica para un o\u0301ptimo uso de los equipos, as\u00ed como de su mantenimiento.<\/p>\n<p>La formacio\u0301n se lleva a cabo en las instalaciones de Alconza o en cualquier lugar segu\u0301n las necesidades de nuestros clientes. Disponemos de formacio\u0301n en remoto si fuera necesario.[\/vc_column_text][\/vc_column][vc_column css=\u00bb.vc_custom_1614697746948{padding-top: 600px !important;background-image: url(https:\/\/alconza.com\/wp-content\/uploads\/2020\/12\/Formacio\u0301n-de-te\u0301cnicos.jpg?id=364) !important;background-position: center !important;background-repeat: no-repeat !important;background-size: cover !important;}\u00bb el_class=\u00bborder1&#8243; offset=\u00bbvc_col-lg-6 vc_col-md-6&#8243;][\/vc_column][\/vc_row][vc_row full_width=\u00bbstretch_row_content_no_spaces\u00bb css=\u00bb.vc_custom_1614846642673{padding-top: 60px !important;background-color: #ebf2f8 !important;}\u00bb][vc_column][vc_column_text el_id=\u00bbmapa-centro-servicios\u00bb]<\/p>\n<h3 class=\"centrado gris titulo\">Servicio global con atenci\u00f3n local<\/h3>\n<p>[\/vc_column_text][vc_single_image image=\u00bb1356&#8243; img_size=\u00bbfull\u00bb][\/vc_column][\/vc_row][vc_row full_width=\u00bbstretch_row\u00bb gap=\u00bb30&#8243; equal_height=\u00bbyes\u00bb css=\u00bb.vc_custom_1606823151907{margin-bottom: -50px !important;padding-top: 60px !important;padding-bottom: 25px !important;background: #f4f4f4 url(https:\/\/alconza.com\/wp-content\/uploads\/2020\/11\/form_bg.png?id=134) !important;background-position: center !important;background-repeat: no-repeat !important;background-size: cover !important;}\u00bb][vc_column width=\u00bb1\/2&#8243;][vc_column_text]<\/p>\n<h3 class=\"blanco titulo-formulario\">Solic\u00edtanos informaci\u00f3n<\/h3>\n<p>[\/vc_column_text][vc_separator color=\u00bbwhite\u00bb align=\u00bbalign_left\u00bb border_width=\u00bb3&#8243; el_width=\u00bb30&#8243; css=\u00bb.vc_custom_1605088819119{margin-top: 25px !important;}\u00bb][vc_column_text css=\u00bb.vc_custom_1624954438415{margin-top: 30px !important;}\u00bb]<\/p>\n<p class=\"blanco destacado-formulario\">Si necesitas mas informaci\u00f3n, puedes hacerlo a trav\u00e9s de nuestro formulario\u00a0y nos pondremos en contacto.<\/p>\n<p class=\"blanco destacado-formulario\">\u00a1Muchas gracias!<\/p>\n<p>[\/vc_column_text][vc_column_text css=\u00bb.vc_custom_1605088559692{margin-top: 30px !important;}\u00bb]<\/p>\n<p class=\"blanco rgpd-formulario\">(*) Campos obligatorios<br \/>\nCon el env\u00edo de esta solicitud est\u00e1 aceptando el uso de sus datos personales y autorizando el tratamiento de los mismos a ALCONZA como responsable. Este tratamiento tiene como finalidad la gesti\u00f3n la solicitud remitida por la persona a trav\u00e9s del canal de contacto con la empresa y la generaci\u00f3n de potenciales clientes, as\u00ed como el env\u00edo de informaci\u00f3n divulgativa de la actividad de la empresa, ALCONZA no comunicar\u00e1 los datos personales a terceros, salvo autorizaci\u00f3n o cumplimiento de obligaciones legales. Podr\u00e1 realizar el ejercicio de los derechos de acceso, rectificaci\u00f3n o supresi\u00f3n de sus datos personales en los t\u00e9rminos previstos en la legislaci\u00f3n aplicable.<\/p>\n<p>[\/vc_column_text][\/vc_column][vc_column width=\u00bb1\/2&#8243; css=\u00bb.vc_custom_1605088874254{padding-right: 20px !important;padding-left: 20px !important;}\u00bb]\n<div class=\"wpcf7 no-js\" id=\"wpcf7-f7-o1\" lang=\"es-ES\" dir=\"ltr\" data-wpcf7-id=\"7\">\n<div class=\"screen-reader-response\"><p role=\"status\" aria-live=\"polite\" aria-atomic=\"true\"><\/p> <ul><\/ul><\/div>\n<form action=\"\/es\/wp-json\/wp\/v2\/pages\/346#wpcf7-f7-o1\" method=\"post\" class=\"wpcf7-form init\" aria-label=\"Formulario de contacto\" novalidate=\"novalidate\" data-status=\"init\">\n<fieldset class=\"hidden-fields-container\"><input type=\"hidden\" name=\"_wpcf7\" value=\"7\" \/><input type=\"hidden\" name=\"_wpcf7_version\" value=\"6.1.5\" \/><input type=\"hidden\" name=\"_wpcf7_locale\" value=\"es_ES\" \/><input type=\"hidden\" name=\"_wpcf7_unit_tag\" value=\"wpcf7-f7-o1\" \/><input type=\"hidden\" name=\"_wpcf7_container_post\" value=\"0\" \/><input type=\"hidden\" name=\"_wpcf7_posted_data_hash\" value=\"\" \/><input type=\"hidden\" name=\"_wpcf7_recaptcha_response\" value=\"\" \/>\n<\/fieldset>\n<p><span class=\"wpcf7-form-control-wrap\" data-name=\"nombre\"><input size=\"40\" maxlength=\"400\" class=\"wpcf7-form-control wpcf7-text wpcf7-validates-as-required input-formulario\" aria-required=\"true\" aria-invalid=\"false\" placeholder=\"Nombre *\" value=\"\" type=\"text\" name=\"nombre\" \/><\/span><br \/>\n<span class=\"wpcf7-form-control-wrap\" data-name=\"empresa\"><input size=\"40\" maxlength=\"400\" class=\"wpcf7-form-control wpcf7-text wpcf7-validates-as-required input-formulario\" aria-required=\"true\" aria-invalid=\"false\" placeholder=\"Empresa *\" value=\"\" type=\"text\" name=\"empresa\" \/><\/span><br \/>\n<span class=\"wpcf7-form-control-wrap\" data-name=\"email\"><input size=\"40\" maxlength=\"400\" class=\"wpcf7-form-control wpcf7-email wpcf7-validates-as-required wpcf7-text wpcf7-validates-as-email input-formulario\" aria-required=\"true\" aria-invalid=\"false\" placeholder=\"Email *\" value=\"\" type=\"email\" name=\"email\" \/><\/span><br \/>\n<span class=\"wpcf7-form-control-wrap\" data-name=\"telefono\"><input size=\"40\" maxlength=\"400\" class=\"wpcf7-form-control wpcf7-tel wpcf7-validates-as-required wpcf7-text wpcf7-validates-as-tel input-formulario\" aria-required=\"true\" aria-invalid=\"false\" placeholder=\"Tel\u00e9fono *\" value=\"\" type=\"tel\" name=\"telefono\" \/><\/span><br \/>\n<span class=\"wpcf7-form-control-wrap\" data-name=\"area\"><select class=\"wpcf7-form-control wpcf7-select wpcf7-validates-as-required input-formulario\" aria-required=\"true\" aria-invalid=\"false\" name=\"area\"><option value=\"Seleccione \u00e1rea\">Seleccione \u00e1rea<\/option><option value=\"Consulta Comercial\">Consulta Comercial<\/option><option value=\"Repuestos\">Repuestos<\/option><option value=\"Customer service\">Customer service<\/option><option value=\"General\">General<\/option><\/select><\/span><br \/>\n<span class=\"wpcf7-form-control-wrap\" data-name=\"mensaje\"><textarea cols=\"40\" rows=\"4\" maxlength=\"2000\" class=\"wpcf7-form-control wpcf7-textarea input-formulario\" aria-invalid=\"false\" placeholder=\"Mensaje *\" name=\"mensaje\"><\/textarea><\/span>\n<\/p>\n<p><span class=\"wpcf7-form-control-wrap\" data-name=\"aceptacion-rgpd\"><span class=\"wpcf7-form-control wpcf7-acceptance\"><span class=\"wpcf7-list-item\"><input type=\"checkbox\" name=\"aceptacion-rgpd\" value=\"1\" aria-invalid=\"false\" \/><\/span><\/span><\/span><a href=\"\/es\/politica-de-privacidad-politica-de-cookies-y-aviso-legal\/\" target=\"_blank\" class=\"blanco\">He le\u00eddo y acepto la pol\u00edtica de privacidad *<\/a>\n<\/p>\n<p><input class=\"wpcf7-form-control wpcf7-submit has-spinner boton-formulario\" type=\"submit\" value=\"Enviar\" \/>\n<\/p><div class=\"wpcf7-response-output\" aria-hidden=\"true\"><\/div>\n<\/form>\n<\/div>\n[\/vc_column][\/vc_row]<\/p>\n<\/section>","protected":false},"excerpt":{"rendered":"<p>[vc_row full_width=\u00bbstretch_row\u00bb bg_type=\u00bbimage\u00bb parallax_style=\u00bbvcpb-default\u00bb bg_image_new=\u00bbid^1170|url^https:\/\/alconza.com\/wp-content\/uploads\/2021\/03\/alconza-servicios_bg.jpg|caption^null|alt^null|title^alconza-servicios_bg|description^null\u00bb bg_image_repeat=\u00bbno-repeat\u00bb bg_image_posiiton=\u00bbcenter center\u00bb css=\u00bb.vc_custom_1614697442895{margin-top: -70px !important;padding-top: 600px !important;padding-bottom: 45px !important;background-position: center !important;background-repeat: no-repeat !important;background-size: cover !important;}\u00bb][vc_column][vc_column_text] Apoyo al ciclo de vida [\/vc_column_text][vc_column_text] Trabajamos para mantener el rumbo de tus objetivos [\/vc_column_text][vc_column_text css=\u00bb.vc_custom_1614697399533{margin-top: 32px !important;}\u00bb] Brindamos al cliente una soluci\u00f3n integral y flexible para toda su gama de generadores y motores,&hellip;<\/p>\n","protected":false},"author":4,"featured_media":0,"parent":0,"menu_order":0,"comment_status":"closed","ping_status":"closed","template":"","meta":{"_acf_changed":false,"footnotes":""},"class_list":["post-346","page","type-page","status-publish","hentry","description-off"],"acf":[],"_links":{"self":[{"href":"https:\/\/alconza.com\/es\/wp-json\/wp\/v2\/pages\/346","targetHints":{"allow":["GET"]}}],"collection":[{"href":"https:\/\/alconza.com\/es\/wp-json\/wp\/v2\/pages"}],"about":[{"href":"https:\/\/alconza.com\/es\/wp-json\/wp\/v2\/types\/page"}],"author":[{"embeddable":true,"href":"https:\/\/alconza.com\/es\/wp-json\/wp\/v2\/users\/4"}],"replies":[{"embeddable":true,"href":"https:\/\/alconza.com\/es\/wp-json\/wp\/v2\/comments?post=346"}],"version-history":[{"count":5,"href":"https:\/\/alconza.com\/es\/wp-json\/wp\/v2\/pages\/346\/revisions"}],"predecessor-version":[{"id":2359,"href":"https:\/\/alconza.com\/es\/wp-json\/wp\/v2\/pages\/346\/revisions\/2359"}],"wp:attachment":[{"href":"https:\/\/alconza.com\/es\/wp-json\/wp\/v2\/media?parent=346"}],"curies":[{"name":"wp","href":"https:\/\/api.w.org\/{rel}","templated":true}]}}